{"id":697,"date":"2018-01-10T20:55:21","date_gmt":"2018-01-10T20:55:21","guid":{"rendered":"http:\/\/sociedadlibanesaolavarria.com.ar\/?page_id=697"},"modified":"2025-06-27T12:47:24","modified_gmt":"2025-06-27T12:47:24","slug":"ucal-2","status":"publish","type":"page","link":"https:\/\/sociedadlibanesaolavarria.com.ar\/?page_id=697","title":{"rendered":"Ucal"},"content":{"rendered":"<div id=\"pl-697\"  class=\"panel-layout\" ><div id=\"pg-697-0\"  class=\"panel-grid panel-has-style\" ><div style=\"padding: 30px 0; \" data-overlay=\"true\" data-overlay-color=\"#000000\" class=\"panel-row-style panel-row-style-for-697-0\" ><div id=\"pgc-697-0-0\"  class=\"panel-grid-cell\" ><div id=\"panel-697-0-0-0\" class=\"so-panel widget widget_media_image panel-first-child\" data-index=\"0\" ><div style=\"text-align: center;\" data-title-color=\"#443f3f\" data-headings-color=\"#443f3f\" class=\"panel-widget-style panel-widget-style-for-697-0-0-0\" ><img loading=\"lazy\" decoding=\"async\" width=\"573\" height=\"416\" src=\"https:\/\/sociedadlibanesaolavarria.com.ar\/wp-content\/uploads\/2018\/04\/UCAL2-1.jpg\" class=\"image wp-image-1242  attachment-full size-full\" alt=\"\" style=\"max-width: 100%; height: auto;\" srcset=\"https:\/\/sociedadlibanesaolavarria.com.ar\/wp-content\/uploads\/2018\/04\/UCAL2-1.jpg 573w, https:\/\/sociedadlibanesaolavarria.com.ar\/wp-content\/uploads\/2018\/04\/UCAL2-1-300x218.jpg 300w, https:\/\/sociedadlibanesaolavarria.com.ar\/wp-content\/uploads\/2018\/04\/UCAL2-1-550x400.jpg 550w, https:\/\/sociedadlibanesaolavarria.com.ar\/wp-content\/uploads\/2018\/04\/UCAL2-1-230x167.jpg 230w, https:\/\/sociedadlibanesaolavarria.com.ar\/wp-content\/uploads\/2018\/04\/UCAL2-1-350x254.jpg 350w, https:\/\/sociedadlibanesaolavarria.com.ar\/wp-content\/uploads\/2018\/04\/UCAL2-1-480x348.jpg 480w\" sizes=\"auto, (max-width: 573px) 100vw, 573px\" \/><\/div><\/div><div id=\"panel-697-0-0-1\" class=\"so-panel widget widget_sow-headline\" data-index=\"1\" ><div style=\"text-align: left;\" data-title-color=\"#443f3f\" data-headings-color=\"#443f3f\" class=\"panel-widget-style panel-widget-style-for-697-0-0-1\" ><div class=\"so-widget-sow-headline so-widget-sow-headline-default-306b0af16235\"><div class=\"sow-headline-container \">\n\t<h2 class='sow-headline'>Uni\u00f3n Cultural Argentino Libanesa<\/h2>\t\t\t\t\t<div class=\"decoration\">\n\t\t\t\t\t\t<div class=\"decoration-inside\"><\/div>\n\t\t\t\t\t<\/div>\n\t\t\t\t\t<h2 class='sow-sub-headline'>Filial Olavarr\u00eda<\/h2><\/div><\/div><\/div><\/div><div id=\"panel-697-0-0-2\" class=\"so-panel widget widget_text panel-last-child\" data-index=\"2\" ><div style=\"text-align: center;\" data-title-color=\"#443f3f\" data-headings-color=\"#443f3f\" class=\"panel-widget-style panel-widget-style-for-697-0-0-2\" >\t\t\t<div class=\"textwidget\"><p>La ULCM (Uni\u00f3n Libanesa Cultural Mundial), es la \u00fanica Instituci\u00f3n representativa de los<br \/>\nlibaneses y sus descendientes en el mundo, reconocida como tal por el gobierno del<br \/>\nLibano, compuesta por Consejos Nacionales en todos los pa\u00edses de la inmigraci\u00f3n, en la<br \/>\nArgentina se establece con las siglas UCAL (Uni\u00f3n Cultural Argentino Libanesa).<\/p>\n<p>El Consejo Nacional de UCAL se funda el 22 de Noviembre de 1978 en la Ciudad de Buenos Aires;<br \/>\nsiguiendo los lineamientos de la Uni\u00f3n Libanesa Cultural Mundial. A lo largo de los a\u00f1os se ha<br \/>\nlogrado conformar la Uni\u00f3n dot\u00e1ndola de filiales, Congresos en las distintas filiales, intercambio<br \/>\nculturales, interacci\u00f3n con el Consejo Hispanoamericano y del Caribe y la Uni\u00f3n Mundial.<\/p>\n<\/div>\n\t\t<\/div><\/div><\/div><\/div><\/div><div id=\"pg-697-1\"  class=\"panel-grid panel-has-style\" ><div class=\"siteorigin-panels-stretch panel-row-style panel-row-style-for-697-1\" style=\"background-image: url(https:\/\/sociedadlibanesaolavarria.com.ar\/wp-content\/uploads\/2018\/04\/fondoucal-1.jpg);padding: 5% 0; \" data-stretch-type=\"full\" data-hasbg=\"hasbg\" data-overlay=\"true\" data-overlay-color=\"#bfbfbf\" ><div id=\"pgc-697-1-0\"  class=\"panel-grid-cell\" ><div id=\"panel-697-1-0-0\" class=\"so-panel widget widget_text panel-first-child\" data-index=\"3\" ><div style=\"text-align: left;\" data-title-color=\"#443f3f\" data-headings-color=\"#1e1e1e\" class=\"panel-widget-style panel-widget-style-for-697-1-0-0\" ><h3 class=\"widget-title\">MISI\u00d3N<\/h3>\t\t\t<div class=\"textwidget\"><p style=\"text-align: center;\"><strong>&#8211; Defender la libertad, soberan\u00eda e independencia del Libano.<\/strong><\/p>\n<p style=\"text-align: center;\"><strong>&#8211; Difundir el patrimonio cultural de L\u00edbano en Argentina.\u00a0<\/strong><\/p>\n<p style=\"text-align: center;\"><b>&#8211; Como organizaci\u00f3n no gubernamental, la Uni\u00f3n Argentino Cultural Libanesa es una instituci\u00f3n\u00a0sin lineamientos pol\u00edticos\u00a0ni religiosos.<\/b><\/p>\n<\/div>\n\t\t<\/div><\/div><div id=\"panel-697-1-0-1\" class=\"so-panel widget widget_sydney_action sydney_action_widget panel-last-child\" data-index=\"4\" ><div style=\"text-align: left;\" data-title-color=\"#443f3f\" data-headings-color=\"#443f3f\" class=\"panel-widget-style panel-widget-style-for-697-1-0-1\" >        <div class=\"roll-promobox \">\r\n\t\t\t<div class=\"promo-wrap\">\r\n\t\t\t\t\t\t\t\t<div class=\"promo-controls\">\r\n\t\t\t\t\t<a href=\"http:\/\/ucalnacional.org\/\" class=\"roll-button border\">Visita nuestra web<\/a>\r\n\t\t\t\t<\/div>\r\n\t\t\t<\/div>\r\n        <\/div>\r\n\t<\/div><\/div><\/div><\/div><\/div><div id=\"pg-697-2\"  class=\"panel-grid panel-has-style\" ><div style=\"padding: 100px 0; \" data-overlay=\"true\" data-overlay-color=\"#000000\" class=\"panel-row-style panel-row-style-for-697-2\" ><div id=\"pgc-697-2-0\"  class=\"panel-grid-cell\" ><div id=\"panel-697-2-0-0\" class=\"so-panel widget widget_text panel-first-child panel-last-child\" data-index=\"5\" ><div style=\"text-align: center;\" data-title-color=\"#443f3f\" data-headings-color=\"#443f3f\" class=\"panel-widget-style panel-widget-style-for-697-2-0-0\" ><h3 class=\"widget-title\">COMISION DIRECTIVA<\/h3>\t\t\t<div class=\"textwidget\"><p><strong>Presidente: Claudio Alejandro Faizal.<\/strong><\/p>\n<p><strong>Vicepresidente 1\u00b0: Marcela Guerci Nedir.<\/strong><\/p>\n<p><strong>Vicepresidente 2\u00b0: Bel\u00e9n Vergel.\u00a0\u00a0<\/strong><\/p>\n<p><strong>Secretario: Jorge Cantar.<\/strong><\/p>\n<p><b>Pro-secretario: Blanca Quiroga.<\/b><\/p>\n<p><strong>Tesorero: Javier Salom\u00f3n.<\/strong><\/p>\n<p><strong>Pro-tesorero: Jos\u00e9 Luis Mussi.<\/strong><\/p>\n<p><strong>Vocales Titulares: Jes\u00fas Andere, Jorge Sciara, Adriana Pauletti. <\/strong><\/p>\n<p><strong>Vocales suplentes: Fernando Bughosen, Germ\u00e1n Hach\u00edn, Marcelo Elbey.<\/strong><\/p>\n<p><strong>Comisi\u00f3n de Cultura: Sara Abdala, Ludmila Adad. <\/strong><\/p>\n<p><strong>Comisi\u00f3n de Prensa y Difusi\u00f3n: Blanca Quiroga, Ludmila Adad.<\/strong><\/p>\n<\/div>\n\t\t<\/div><\/div><\/div><\/div><\/div><\/div>","protected":false},"excerpt":{"rendered":"<p>La ULCM (Uni\u00f3n Libanesa Cultural Mundial), es la \u00fanica Instituci\u00f3n representativa de los libaneses y sus descendientes en el mundo, reconocida como tal por el gobierno del Libano, compuesta por Consejos Nacionales en todos los pa\u00edses de la inmigraci\u00f3n, en la Argentina se establece con las siglas UCAL (Uni\u00f3n Cultural Argentino Libanesa). El Consejo Nacional [&hellip;]<\/p>\n","protected":false},"author":1,"featured_media":0,"parent":0,"menu_order":0,"comment_status":"closed","ping_status":"closed","template":"page-templates\/page_front-page.php","meta":{"footnotes":""},"class_list":["post-697","page","type-page","status-publish","hentry"],"_links":{"self":[{"href":"https:\/\/sociedadlibanesaolavarria.com.ar\/index.php?rest_route=\/wp\/v2\/pages\/697","targetHints":{"allow":["GET"]}}],"collection":[{"href":"https:\/\/sociedadlibanesaolavarria.com.ar\/index.php?rest_route=\/wp\/v2\/pages"}],"about":[{"href":"https:\/\/sociedadlibanesaolavarria.com.ar\/index.php?rest_route=\/wp\/v2\/types\/page"}],"author":[{"embeddable":true,"href":"https:\/\/sociedadlibanesaolavarria.com.ar\/index.php?rest_route=\/wp\/v2\/users\/1"}],"replies":[{"embeddable":true,"href":"https:\/\/sociedadlibanesaolavarria.com.ar\/index.php?rest_route=%2Fwp%2Fv2%2Fcomments&post=697"}],"version-history":[{"count":185,"href":"https:\/\/sociedadlibanesaolavarria.com.ar\/index.php?rest_route=\/wp\/v2\/pages\/697\/revisions"}],"predecessor-version":[{"id":2155,"href":"https:\/\/sociedadlibanesaolavarria.com.ar\/index.php?rest_route=\/wp\/v2\/pages\/697\/revisions\/2155"}],"wp:attachment":[{"href":"https:\/\/sociedadlibanesaolavarria.com.ar\/index.php?rest_route=%2Fwp%2Fv2%2Fmedia&parent=697"}],"curies":[{"name":"wp","href":"https:\/\/api.w.org\/{rel}","templated":true}]}}