{"id":656,"date":"2018-01-10T00:57:24","date_gmt":"2018-01-10T00:57:24","guid":{"rendered":"http:\/\/sociedadlibanesaolavarria.com.ar\/?page_id=656"},"modified":"2018-04-30T20:13:38","modified_gmt":"2018-04-30T20:13:38","slug":"quienes-somos-2","status":"publish","type":"page","link":"https:\/\/sociedadlibanesaolavarria.com.ar\/?page_id=656","title":{"rendered":"Quienes Somos"},"content":{"rendered":"<div id=\"pl-656\"  class=\"panel-layout\" ><div id=\"pg-656-0\"  class=\"panel-grid panel-has-style\" ><div style=\"color: #686868;padding: 100px 0; \" data-hascolor=\"hascolor\" data-overlay=\"true\" data-overlay-color=\"#000000\" class=\"panel-row-style panel-row-style-for-656-0\" ><div id=\"pgc-656-0-0\"  class=\"panel-grid-cell\" ><div id=\"panel-656-0-0-0\" class=\"so-panel widget widget_text panel-first-child panel-last-child\" data-index=\"0\" ><div style=\"text-align: center;\" data-title-color=\"#443f3f\" data-headings-color=\"#443f3f\" class=\"panel-widget-style panel-widget-style-for-656-0-0-0\" ><h3 class=\"widget-title\">Quienes Somos<\/h3>\t\t\t<div class=\"textwidget\"><p>En el a\u00f1o 1914, se radicaron varias familias libanesas en nuestra ciudad, las mismas se empezaron a reunir y organizarse para obtener ayudas mutas, a ra\u00edz de esto se conforma la Sociedad Mutual que fue fundada el 7 de junio de 1920 como \u201cSociedad de Socorros Mutuos L\u00edbano-\u00c1rabe\u201d.<\/p>\n<p>Posteriormente las \u00a0familias decidieron fusionarse y\u00a0 el 30 de junio de 1929\u00a0 conformaron \u00a0una nueva entidad, con el nombre de \u201cSOCIEDAD LIBANO-SIRIA DE SOCORROS MUTUOS\u201d en la sede de 25 de Mayo 3219, actual sede social. Luego en el a\u00f1o 1938 en com\u00fan acuerdo, los socios determinaron cambiar el nombre con la denominaci\u00f3n que ostenta hoy en d\u00eda:<\/p>\n<p>\u201cSociedad Libanesa de Socorros Mutuos\u201d<\/p>\n<p>&nbsp;<\/p>\n<p>A fines del a\u00f1o 2016, luego de convocar una asamblea extraordinaria, se conform\u00f3 esta nueva comisi\u00f3n la cual se propuso como objetivo reivindicar la labor de nuestros antepasados, llevar a la instituci\u00f3n a ser reconocida nuevamente en el \u00e1mbito local y como distinci\u00f3n a nivel nacional,\u00a0 trabajando en conjunto con otras instituciones del pa\u00eds en defensa de la identidad, la cultura y el patrimonio libanes.<\/p>\n<p>En julio de 2017 se reinaugur\u00f3 la sede social luego de haber hecho reformas edilicias modernizando las instalaciones de la misma.\u00a0 Se lanz\u00f3 una campa\u00f1a de asociados que tuvo como resultado aumentar al triple la cantidad de asociados existentes. Logramos ingresar a la Uni\u00f3n cultural Argentino Libanesa (UCAL) oficializ\u00e1ndonos como filial de la misma. Reabrimos las escuelas de danzas \u00c1rabes y Bellydance, y como novedad logramos forma la escuela de folklore libanes brindando talleres semanales de Dabke. Como corolario de la reivindicaci\u00f3n \u00a0a nuestra cultura a principios del a\u00f1o 2018 le dimos apertura a un curso de idioma \u00e1rabe para toda la comunidad local. Pensando en nuestros asociados, creamos una red de beneficios denominada \u201cRed Libanesa\u201d \u00a0para que los \u00a0socios de nuestra instituci\u00f3n puedan acceder\u00a0 a diferentes\u00a0 descuentos en comercios adheridos a la red.<\/p>\n<p>Este equipo se propone a diario objetivos, que hasta el momento ha logrado cumplir. Por esto apuesta todos los d\u00edas a m\u00e1s, brindando m\u00e1s beneficios\u00a0 a sus asociados, generando m\u00e1s espacios culturales, fomentando la iniciativa de cada miembro para que juntos forjemos una instituci\u00f3n s\u00f3lida,\u00a0 pujante y donde cada integrante no s\u00f3lo disfrute de ser parte sino tambi\u00e9n que encuentre en cada rinc\u00f3n algo de sus ancestros o que lo vincule a la colectividad desde diversos aspectos.<\/p>\n<p>&nbsp;<\/p>\n<\/div>\n\t\t<\/div><\/div><\/div><\/div><\/div><\/div>","protected":false},"excerpt":{"rendered":"<p>En el a\u00f1o 1914, se radicaron varias familias libanesas en nuestra ciudad, las mismas se empezaron a reunir y organizarse para obtener ayudas mutas, a ra\u00edz de esto se conforma la Sociedad Mutual que fue fundada el 7 de junio de 1920 como \u201cSociedad de Socorros Mutuos L\u00edbano-\u00c1rabe\u201d. Posteriormente las \u00a0familias decidieron fusionarse y\u00a0 el [&hellip;]<\/p>\n","protected":false},"author":1,"featured_media":0,"parent":0,"menu_order":0,"comment_status":"closed","ping_status":"closed","template":"page-templates\/page_front-page.php","meta":{"footnotes":""},"class_list":["post-656","page","type-page","status-publish","hentry"],"_links":{"self":[{"href":"https:\/\/sociedadlibanesaolavarria.com.ar\/index.php?rest_route=\/wp\/v2\/pages\/656","targetHints":{"allow":["GET"]}}],"collection":[{"href":"https:\/\/sociedadlibanesaolavarria.com.ar\/index.php?rest_route=\/wp\/v2\/pages"}],"about":[{"href":"https:\/\/sociedadlibanesaolavarria.com.ar\/index.php?rest_route=\/wp\/v2\/types\/page"}],"author":[{"embeddable":true,"href":"https:\/\/sociedadlibanesaolavarria.com.ar\/index.php?rest_route=\/wp\/v2\/users\/1"}],"replies":[{"embeddable":true,"href":"https:\/\/sociedadlibanesaolavarria.com.ar\/index.php?rest_route=%2Fwp%2Fv2%2Fcomments&post=656"}],"version-history":[{"count":104,"href":"https:\/\/sociedadlibanesaolavarria.com.ar\/index.php?rest_route=\/wp\/v2\/pages\/656\/revisions"}],"predecessor-version":[{"id":1983,"href":"https:\/\/sociedadlibanesaolavarria.com.ar\/index.php?rest_route=\/wp\/v2\/pages\/656\/revisions\/1983"}],"wp:attachment":[{"href":"https:\/\/sociedadlibanesaolavarria.com.ar\/index.php?rest_route=%2Fwp%2Fv2%2Fmedia&parent=656"}],"curies":[{"name":"wp","href":"https:\/\/api.w.org\/{rel}","templated":true}]}}