{"id":2026,"date":"2019-05-01T17:30:19","date_gmt":"2019-05-01T17:30:19","guid":{"rendered":"http:\/\/sociedadlibanesaolavarria.com.ar\/?page_id=2026"},"modified":"2019-05-04T02:24:35","modified_gmt":"2019-05-04T02:24:35","slug":"demo-4-3","status":"publish","type":"page","link":"https:\/\/sociedadlibanesaolavarria.com.ar\/?page_id=2026","title":{"rendered":"Red Solidaria"},"content":{"rendered":"<div id=\"pl-2026\"  class=\"panel-layout\" ><div id=\"pg-2026-0\"  class=\"panel-grid panel-has-style\" ><div style=\"padding: 100px 0; \" data-overlay=\"true\" data-overlay-color=\"#000000\" class=\"panel-row-style panel-row-style-for-2026-0\" ><div id=\"pgc-2026-0-0\"  class=\"panel-grid-cell\" ><div id=\"panel-2026-0-0-0\" class=\"so-panel widget widget_text panel-first-child\" data-index=\"0\" ><div style=\"text-align: left;\" data-title-color=\"#443f3f\" data-headings-color=\"#443f3f\" class=\"panel-widget-style panel-widget-style-for-2026-0-0-0\" >\t\t\t<div class=\"textwidget\"><p><img loading=\"lazy\" decoding=\"async\" class=\"wp-image-2120 aligncenter\" src=\"http:\/\/sociedadlibanesaolavarria.com.ar\/wp-content\/uploads\/2019\/05\/redsolida.png\" alt=\"\" width=\"435\" height=\"435\" srcset=\"https:\/\/sociedadlibanesaolavarria.com.ar\/wp-content\/uploads\/2019\/05\/redsolida.png 582w, https:\/\/sociedadlibanesaolavarria.com.ar\/wp-content\/uploads\/2019\/05\/redsolida-150x150.png 150w, https:\/\/sociedadlibanesaolavarria.com.ar\/wp-content\/uploads\/2019\/05\/redsolida-300x300.png 300w, https:\/\/sociedadlibanesaolavarria.com.ar\/wp-content\/uploads\/2019\/05\/redsolida-230x230.png 230w, https:\/\/sociedadlibanesaolavarria.com.ar\/wp-content\/uploads\/2019\/05\/redsolida-350x350.png 350w, https:\/\/sociedadlibanesaolavarria.com.ar\/wp-content\/uploads\/2019\/05\/redsolida-480x480.png 480w\" sizes=\"auto, (max-width: 435px) 100vw, 435px\" \/><\/p>\n<p>&nbsp;<\/p>\n<\/div>\n\t\t<\/div><\/div><div id=\"panel-2026-0-0-1\" class=\"so-panel widget widget_text\" data-index=\"1\" ><div style=\"text-align: center;\" data-title-color=\"#443f3f\" data-headings-color=\"#235e1d\" class=\"panel-widget-style panel-widget-style-for-2026-0-0-1\" >\t\t\t<div class=\"textwidget\"><h2>  <span style=\"color:#B6B8BD;font-size:24px;\"><\/div>\n\t\t<\/div><\/div><div id=\"panel-2026-0-0-2\" class=\"so-panel widget widget_text\" data-index=\"2\" ><div style=\"text-align: center;\" data-title-color=\"#443f3f\" data-headings-color=\"#515151\" class=\"panel-widget-style panel-widget-style-for-2026-0-0-2\" >\t\t\t<div class=\"textwidget\"><h2>\u00bfQu\u00e9 es la Red Solidaria? <span style=\"color:#B6B8BD;font-size:24px;\">\n\n\n         \n\n\n<h5>Es un v\u00ednculo entre la Sociedad Libanesa Olavarr\u00eda y la comunidad olavarriense para organizar y concretar actividades de asistencia, servicio y acompa\u00f1amiento a parte de la sociedad local que se halle en condiciones materiales de vida desfavorables.   \n\n         \n<\/div>\n\t\t<\/div><\/div><div id=\"panel-2026-0-0-3\" class=\"so-panel widget widget_text\" data-index=\"3\" ><div style=\"text-align: center;\" data-title-color=\"#443f3f\" data-headings-color=\"#515151\" class=\"panel-widget-style panel-widget-style-for-2026-0-0-3\" >\t\t\t<div class=\"textwidget\"><h2>\u00bfPor qu\u00e9 es importante nuestro trabajo? <span style=\"color:#B6B8BD;font-size:24px;\">\n\n<h5>Porque nos motiva participar y sumar en decisiones y tareas que act\u00faen en favor del bien com\u00fan.  \n\n         \n<span style=\"color:#443f3f;font-size:24px;\"><\/div>\n\t\t<\/div><\/div><div id=\"panel-2026-0-0-4\" class=\"so-panel widget widget_text\" data-index=\"4\" ><div style=\"text-align: center;\" data-title-color=\"#443f3f\" data-headings-color=\"#515151\" class=\"panel-widget-style panel-widget-style-for-2026-0-0-4\" >\t\t\t<div class=\"textwidget\"><h2>\u00bfNuestro objetivo principal? <span style=\"color:#B6B8BD;font-size:24px;\">\n\n<h5>Es la inclusi\u00f3n de nuestra instituci\u00f3n a los espacios de colaboraci\u00f3n que se originan en situaciones de crisis coyuntural y estructural, desde un trabajo voluntario, organizado y ejecutado por gente comprometida y con esp\u00edritu solidario.\n\nConsideramos que la solidaridad social se funda en el altruismo. Los comportamientos solidarios se orientan a objetivos que, por redundancia, quedan fuera de los propios intereses personales y apuntan a producir cambios de vida beneficiosos para toda la poblaci\u00f3n.\n         \n<span style=\"color:#B6B8BD;font-size:24px;\"><\/div>\n\t\t<\/div><\/div><div id=\"panel-2026-0-0-5\" class=\"so-panel widget widget_text\" data-index=\"5\" ><div style=\"text-align: center;\" data-title-color=\"#443f3f\" data-headings-color=\"#515151\" class=\"panel-widget-style panel-widget-style-for-2026-0-0-5\" >\t\t\t<div class=\"textwidget\"><h2>\u00bfNuestra MISI\u00d3N? <span style=\"color:#B6B8BD;font-size:24px;\">\n\n<h5>\n - Generar acciones concretas, materiales de car\u00e1cter solidario y de servicio al pr\u00f3jimo a trav\u00e9s del voluntariado. \n - Brindar ayuda a aquellos sectores que se encuentren en estado de vulnerabilidad o que est\u00e1n atravesando necesidades b\u00e1sicas.  \n\n\"Ser solidario es ser capaz de ponerse objetivos de vida fuera de los propios intereses personales y con un accionar simple, colaboramos con las necesidades de aquellos que lo necesitan\"  \n\n\n         \n<span style=\"color:#B6B8BD;font-size:24px;\"><\/div>\n\t\t<\/div><\/div><div id=\"panel-2026-0-0-6\" class=\"so-panel widget widget_text\" data-index=\"6\" ><div style=\"text-align: center;\" data-title-color=\"#443f3f\" data-headings-color=\"#235e1d\" class=\"panel-widget-style panel-widget-style-for-2026-0-0-6\" >\t\t\t<div class=\"textwidget\"><h2>  <span style=\"color:#B6B8BD;font-size:24px;\"><\/div>\n\t\t<\/div><\/div><div id=\"panel-2026-0-0-7\" class=\"so-panel widget widget_text panel-last-child\" data-index=\"7\" ><div style=\"text-align: center;\" data-title-color=\"#443f3f\" data-headings-color=\"#007010\" class=\"panel-widget-style panel-widget-style-for-2026-0-0-7\" >\t\t\t<div class=\"textwidget\"><h3>\u00bfSi queres formar parte de la red solidaria contactanos? <span style=\"color:#B6B8BD;font-size:24px;\">\n\n\n         \n<\/div>\n\t\t<\/div><\/div><\/div><\/div><\/div><\/div>","protected":false},"excerpt":{"rendered":"<p>&nbsp; \u00bfQu\u00e9 es la Red Solidaria? Es un v\u00ednculo entre la Sociedad Libanesa Olavarr\u00eda y la comunidad olavarriense para organizar y concretar actividades de asistencia, servicio y acompa\u00f1amiento a parte de la sociedad local que se halle en condiciones materiales de vida desfavorables. \u00bfPor qu\u00e9 es importante nuestro trabajo? Porque nos motiva participar y sumar [&hellip;]<\/p>\n","protected":false},"author":1,"featured_media":0,"parent":0,"menu_order":0,"comment_status":"closed","ping_status":"closed","template":"page-templates\/page_front-page.php","meta":{"footnotes":""},"class_list":["post-2026","page","type-page","status-publish","hentry"],"_links":{"self":[{"href":"https:\/\/sociedadlibanesaolavarria.com.ar\/index.php?rest_route=\/wp\/v2\/pages\/2026","targetHints":{"allow":["GET"]}}],"collection":[{"href":"https:\/\/sociedadlibanesaolavarria.com.ar\/index.php?rest_route=\/wp\/v2\/pages"}],"about":[{"href":"https:\/\/sociedadlibanesaolavarria.com.ar\/index.php?rest_route=\/wp\/v2\/types\/page"}],"author":[{"embeddable":true,"href":"https:\/\/sociedadlibanesaolavarria.com.ar\/index.php?rest_route=\/wp\/v2\/users\/1"}],"replies":[{"embeddable":true,"href":"https:\/\/sociedadlibanesaolavarria.com.ar\/index.php?rest_route=%2Fwp%2Fv2%2Fcomments&post=2026"}],"version-history":[{"count":64,"href":"https:\/\/sociedadlibanesaolavarria.com.ar\/index.php?rest_route=\/wp\/v2\/pages\/2026\/revisions"}],"predecessor-version":[{"id":2128,"href":"https:\/\/sociedadlibanesaolavarria.com.ar\/index.php?rest_route=\/wp\/v2\/pages\/2026\/revisions\/2128"}],"wp:attachment":[{"href":"https:\/\/sociedadlibanesaolavarria.com.ar\/index.php?rest_route=%2Fwp%2Fv2%2Fmedia&parent=2026"}],"curies":[{"name":"wp","href":"https:\/\/api.w.org\/{rel}","templated":true}]}}